{"id":35,"date":"2016-05-20T18:47:01","date_gmt":"2016-05-20T18:47:01","guid":{"rendered":"http:\/\/geo-wandern.de\/?page_id=35"},"modified":"2020-10-13T17:25:37","modified_gmt":"2020-10-13T17:25:37","slug":"download","status":"publish","type":"page","link":"http:\/\/geo-wandern.de\/?page_id=35","title":{"rendered":"Download"},"content":{"rendered":"<p><strong>F\u00fcr Mixis Waldwanderung:<\/strong><\/p>\n<p><a href=\"http:\/\/geo-wandern.de\/wp-content\/uploads\/2016\/06\/Geowanderung-Mixis-Waldwanderung.jpg\">Mixi&#8217;s Waldwanderung \u00dcbersichtsplan<\/a><\/p>\n<p><a href=\"http:\/\/geo-wandern.de\/wp-content\/uploads\/2016\/05\/Mixis-Waldwanderung.zip\">Mixi&#8217;s Waldwanderung als GPX und KML Datei<\/a><\/p>\n<hr \/>\n<p><strong>F\u00fcr Wettersbacher Foto-Memory<\/strong><\/p>\n<p>Wettersbacher Foto-Memory <a href=\"http:\/\/geo-wandern.de\/wp-content\/uploads\/2016\/05\/GC-Wettersbach-Frage.pdf\">Blatt1<\/a>\u00a0 <a href=\"http:\/\/geo-wandern.de\/wp-content\/uploads\/2020\/05\/GC-Wettersbach-Antwort.pdf\">Blatt2<\/a>\u00a0 <a href=\"http:\/\/geo-wandern.de\/wp-content\/uploads\/2016\/05\/Wettersbacher-Fotomemory-Wegpunkte.pdf\">Wegpunkte<\/a><\/p>\n<p><a href=\"http:\/\/geo-wandern.de\/wp-content\/uploads\/2016\/06\/GC-Wettersbach-Bonus.pdf\">Bonus Erinnerungen an Wettersbach<\/a><\/p>\n<p><a href=\"http:\/\/geo-wandern.de\/wp-content\/uploads\/2016\/06\/WettersbachFotoMemory.zip\">Wettersbache Foto Memory als GPX und KML Datei<\/a><\/p>\n<p><a href=\"http:\/\/geo-wandern.de\/wp-content\/uploads\/2016\/06\/Wettersbacher-Foto-Memory.jpg\">Wettersbacher Foto Memory Karte als JPG<\/a><\/p>\n<hr \/>\n<p><strong>Fotos von Wandergruppen<\/strong><\/p>\n<p><a href=\"http:\/\/geo-wandern.de\/wp-content\/uploads\/2016\/06\/Mixi50-2016-32.jpg\">Foto mit Deaf Cacher<\/a><\/p>\n","protected":false},"excerpt":{"rendered":"<p>F\u00fcr Mixis Waldwanderung: Mixi&#8217;s Waldwanderung \u00dcbersichtsplan Mixi&#8217;s Waldwanderung als GPX und KML Datei F\u00fcr Wettersbacher Foto-Memory Wettersbacher Foto-Memory Blatt1\u00a0 Blatt2\u00a0 Wegpunkte Bonus Erinnerungen an Wettersbach Wettersbache Foto Memory als GPX und KML Datei Wettersbacher Foto Memory Karte als JPG Fotos von Wandergruppen Foto mit Deaf Cacher<\/p>\n","protected":false},"author":1,"featured_media":0,"parent":0,"menu_order":0,"comment_status":"closed","ping_status":"closed","template":"","meta":[],"_links":{"self":[{"href":"http:\/\/geo-wandern.de\/index.php?rest_route=\/wp\/v2\/pages\/35"}],"collection":[{"href":"http:\/\/geo-wandern.de\/index.php?rest_route=\/wp\/v2\/pages"}],"about":[{"href":"http:\/\/geo-wandern.de\/index.php?rest_route=\/wp\/v2\/types\/page"}],"author":[{"embeddable":true,"href":"http:\/\/geo-wandern.de\/index.php?rest_route=\/wp\/v2\/users\/1"}],"replies":[{"embeddable":true,"href":"http:\/\/geo-wandern.de\/index.php?rest_route=%2Fwp%2Fv2%2Fcomments&post=35"}],"version-history":[{"count":15,"href":"http:\/\/geo-wandern.de\/index.php?rest_route=\/wp\/v2\/pages\/35\/revisions"}],"predecessor-version":[{"id":110,"href":"http:\/\/geo-wandern.de\/index.php?rest_route=\/wp\/v2\/pages\/35\/revisions\/110"}],"wp:attachment":[{"href":"http:\/\/geo-wandern.de\/index.php?rest_route=%2Fwp%2Fv2%2Fmedia&parent=35"}],"curies":[{"name":"wp","href":"https:\/\/api.w.org\/{rel}","templated":true}]}}